{"id":31647,"date":"2024-01-09T12:04:26","date_gmt":"2024-01-09T11:04:26","guid":{"rendered":"https:\/\/newintroductions.lladro.com\/product\/eternal-fluidity\/"},"modified":"2024-01-24T15:45:10","modified_gmt":"2024-01-24T14:45:10","slug":"eternal-fluidity","status":"publish","type":"product","link":"https:\/\/newintroductions.lladro.com\/it\/prodotto\/eternal-fluidity\/","title":{"rendered":"Eternal Fluidity"},"content":{"rendered":"[vc_row type=&#8221;full_width_content&#8221; full_screen_row_position=&#8221;middle&#8221; column_margin=&#8221;default&#8221; column_direction=&#8221;default&#8221; column_direction_tablet=&#8221;default&#8221; column_direction_phone=&#8221;default&#8221; scene_position=&#8221;center&#8221; text_color=&#8221;dark&#8221; text_align=&#8221;left&#8221; row_border_radius=&#8221;none&#8221; row_border_radius_applies=&#8221;bg&#8221; overflow=&#8221;visible&#8221; overlay_strength=&#8221;0.3&#8243; gradient_direction=&#8221;left_to_right&#8221; shape_divider_position=&#8221;bottom&#8221; bg_image_animation=&#8221;none&#8221; shape_type=&#8221;&#8221;][vc_column column_padding=&#8221;no-extra-padding&#8221; column_padding_tablet=&#8221;inherit&#8221; column_padding_phone=&#8221;inherit&#8221; column_padding_position=&#8221;all&#8221; column_element_direction_desktop=&#8221;default&#8221; column_element_spacing=&#8221;default&#8221; desktop_text_alignment=&#8221;default&#8221; tablet_text_alignment=&#8221;default&#8221; phone_text_alignment=&#8221;default&#8221; background_color_opacity=&#8221;1&#8243; background_hover_color_opacity=&#8221;1&#8243; column_backdrop_filter=&#8221;none&#8221; column_shadow=&#8221;none&#8221; column_border_radius=&#8221;none&#8221; column_link_target=&#8221;_self&#8221; column_position=&#8221;default&#8221; el_class=&#8221;sin-padding-top&#8221; gradient_direction=&#8221;left_to_right&#8221; overlay_strength=&#8221;0.3&#8243; width=&#8221;1\/1&#8243; tablet_width_inherit=&#8221;default&#8221; animation_type=&#8221;default&#8221; bg_image_animation=&#8221;none&#8221; border_type=&#8221;simple&#8221; column_border_width=&#8221;none&#8221; column_border_style=&#8221;solid&#8221;][nectar_global_section id=&#8221;31873&#8243;][\/vc_column][\/vc_row][vc_row type=&#8221;in_container&#8221; full_screen_row_position=&#8221;middle&#8221; column_margin=&#8221;default&#8221; column_direction=&#8221;default&#8221; column_direction_tablet=&#8221;default&#8221; column_direction_phone=&#8221;default&#8221; scene_position=&#8221;center&#8221; top_padding=&#8221;35px&#8221; bottom_padding=&#8221;60px&#8221; text_color=&#8221;dark&#8221; text_align=&#8221;left&#8221; row_border_radius=&#8221;none&#8221; row_border_radius_applies=&#8221;bg&#8221; overflow=&#8221;visible&#8221; overlay_strength=&#8221;0.3&#8243; gradient_direction=&#8221;left_to_right&#8221; shape_divider_position=&#8221;bottom&#8221; bg_image_animation=&#8221;none&#8221; shape_type=&#8221;&#8221;][vc_column column_padding=&#8221;no-extra-padding&#8221; column_padding_tablet=&#8221;inherit&#8221; column_padding_phone=&#8221;inherit&#8221; column_padding_position=&#8221;all&#8221; column_element_direction_desktop=&#8221;default&#8221; column_element_spacing=&#8221;default&#8221; desktop_text_alignment=&#8221;default&#8221; tablet_text_alignment=&#8221;default&#8221; phone_text_alignment=&#8221;default&#8221; background_color_opacity=&#8221;1&#8243; background_hover_color_opacity=&#8221;1&#8243; column_backdrop_filter=&#8221;none&#8221; column_shadow=&#8221;none&#8221; column_border_radius=&#8221;none&#8221; column_link_target=&#8221;_self&#8221; column_position=&#8221;default&#8221; gradient_direction=&#8221;left_to_right&#8221; overlay_strength=&#8221;0.3&#8243; width=&#8221;1\/1&#8243; tablet_width_inherit=&#8221;default&#8221; animation_type=&#8221;default&#8221; bg_image_animation=&#8221;none&#8221; border_type=&#8221;simple&#8221; column_border_width=&#8221;none&#8221; column_border_style=&#8221;solid&#8221;][vc_custom_heading text=&#8221;Visita virtuale&#8221; font_container=&#8221;tag:h2|text_align:center&#8221;][image_with_animation image_url=&#8221;29787&#8243; image_size=&#8221;full&#8221; animation_type=&#8221;entrance&#8221; animation=&#8221;Fade In&#8221; animation_easing=&#8221;default&#8221; animation_movement_type=&#8221;transform_y&#8221; hover_animation=&#8221;none&#8221; alignment=&#8221;center&#8221; border_radius=&#8221;none&#8221; box_shadow=&#8221;none&#8221; image_loading=&#8221;default&#8221; max_width=&#8221;100%&#8221; max_width_mobile=&#8221;default&#8221; img_link=&#8221;\/virtual-tour\/&#8221;][\/vc_column][\/vc_row]\n","protected":false},"excerpt":{"rendered":"<p>Gli antichi saggi ci hanno tramandato che la realt\u00e0 \u00e8 fatta di divenire e di permanenza. Ci sono verit\u00e0 essenziali e immutabili, ma c&#8217;\u00e8 anche un tempo che non si ferma e al quale dobbiamo adattarci. Le opere che compongono la collezione <em>Eternal Fluidity<\/em> si ispirano a questa ancestrale saggezza per creare un&#8217;allegoria del classicismo che convive con l&#8217;innovazione, del primordiale che abbraccia il flusso costante del cambiamento.<\/p>\n<p>Tutte e tre le creazioni sono eseguite nella tradizione della scultura classica. La finitura in porcellana bianca opaca esalta la perfetta modellazione e la padronanza dell&#8217;anatomia. In contrasto, la finitura a lustro d&#8217;argento che scorre sulle opere esprime la dualit\u00e0 tra vecchio e nuovo, tra permanenza e cambiamento, tra ragione ed emozione. \u00c8 il segno dei nostri tempi, \u00e8 il messaggio della collezione <em>Eternal Fluidity<\/em>.<\/p>\n<p class=\"prod-sku\"><strong>Eternal Fluidity &#8211; Pensatore<\/strong><br \/>\n01009732<br \/>\n31 x 20 x 22 cm<br \/>\n12 \u00bc x 7 \u00be x 8\u00be\u2033<\/p>\n<p class=\"prod-sku\"><strong>Eternal Fluidity &#8211; Uomo<\/strong><br \/>\n01009730<br \/>\n32 x 30 x 17 cm<br \/>\n12 \u00bd x 11 \u00be x 6 \u00be\u2033<\/p>\n<p class=\"prod-sku\"><strong>Eternal Fluidity &#8211; Dona<\/strong><br \/>\n01009731<br \/>\n29 x 20 x 15 cm<br \/>\n11 \u00bd x 7 \u00be x 6\u2033<\/p>\n","protected":false},"featured_media":30411,"comment_status":"closed","ping_status":"closed","template":"","meta":[],"product_cat":[131],"product_tag":[],"class_list":{"0":"post-31647","1":"product","2":"type-product","3":"status-publish","4":"has-post-thumbnail","6":"product_cat-design","8":"first","9":"instock","10":"shipping-taxable","11":"product-type-simple"},"_links":{"self":[{"href":"https:\/\/newintroductions.lladro.com\/it\/wp-json\/wp\/v2\/product\/31647","targetHints":{"allow":["GET"]}}],"collection":[{"href":"https:\/\/newintroductions.lladro.com\/it\/wp-json\/wp\/v2\/product"}],"about":[{"href":"https:\/\/newintroductions.lladro.com\/it\/wp-json\/wp\/v2\/types\/product"}],"replies":[{"embeddable":true,"href":"https:\/\/newintroductions.lladro.com\/it\/wp-json\/wp\/v2\/comments?post=31647"}],"wp:featuredmedia":[{"embeddable":true,"href":"https:\/\/newintroductions.lladro.com\/it\/wp-json\/wp\/v2\/media\/30411"}],"wp:attachment":[{"href":"https:\/\/newintroductions.lladro.com\/it\/wp-json\/wp\/v2\/media?parent=31647"}],"wp:term":[{"taxonomy":"product_cat","embeddable":true,"href":"https:\/\/newintroductions.lladro.com\/it\/wp-json\/wp\/v2\/product_cat?post=31647"},{"taxonomy":"product_tag","embeddable":true,"href":"https:\/\/newintroductions.lladro.com\/it\/wp-json\/wp\/v2\/product_tag?post=31647"}],"curies":[{"name":"wp","href":"https:\/\/api.w.org\/{rel}","templated":true}]}}