{"id":31630,"date":"2024-01-09T10:41:59","date_gmt":"2024-01-09T09:41:59","guid":{"rendered":"https:\/\/newintroductions.lladro.com\/product\/abundance-mudra\/"},"modified":"2024-01-24T15:31:05","modified_gmt":"2024-01-24T14:31:05","slug":"mano-mudra-abbondanza","status":"publish","type":"product","link":"https:\/\/newintroductions.lladro.com\/it\/prodotto\/mano-mudra-abbondanza\/","title":{"rendered":"Mano Mudra abbondanza"},"content":{"rendered":"[vc_row type=&#8221;in_container&#8221; full_screen_row_position=&#8221;middle&#8221; column_margin=&#8221;default&#8221; column_direction=&#8221;default&#8221; column_direction_tablet=&#8221;default&#8221; column_direction_phone=&#8221;default&#8221; scene_position=&#8221;center&#8221; top_padding=&#8221;30px&#8221; text_color=&#8221;dark&#8221; text_align=&#8221;left&#8221; row_border_radius=&#8221;none&#8221; row_border_radius_applies=&#8221;bg&#8221; overflow=&#8221;visible&#8221; overlay_strength=&#8221;0.3&#8243; gradient_direction=&#8221;left_to_right&#8221; shape_divider_position=&#8221;bottom&#8221; bg_image_animation=&#8221;none&#8221; shape_type=&#8221;&#8221;][vc_column column_padding=&#8221;no-extra-padding&#8221; column_padding_tablet=&#8221;inherit&#8221; column_padding_phone=&#8221;inherit&#8221; column_padding_position=&#8221;all&#8221; column_element_direction_desktop=&#8221;default&#8221; column_element_spacing=&#8221;default&#8221; desktop_text_alignment=&#8221;default&#8221; tablet_text_alignment=&#8221;default&#8221; phone_text_alignment=&#8221;default&#8221; background_color_opacity=&#8221;1&#8243; background_hover_color_opacity=&#8221;1&#8243; column_backdrop_filter=&#8221;none&#8221; column_shadow=&#8221;none&#8221; column_border_radius=&#8221;none&#8221; column_link_target=&#8221;_self&#8221; column_position=&#8221;default&#8221; gradient_direction=&#8221;left_to_right&#8221; overlay_strength=&#8221;0.3&#8243; width=&#8221;1\/1&#8243; tablet_width_inherit=&#8221;default&#8221; animation_type=&#8221;default&#8221; bg_image_animation=&#8221;none&#8221; border_type=&#8221;simple&#8221; column_border_width=&#8221;none&#8221; column_border_style=&#8221;solid&#8221;][vc_custom_heading text=&#8221;Creazioni correlate&#8221; font_container=&#8221;tag:h2|font_size:24px|text_align:left|line_height:30px&#8221;][carousel script=&#8221;owl_carousel&#8221; desktop_cols=&#8221;4&#8243; desktop_small_cols=&#8221;3&#8243; tablet_cols=&#8221;2&#8243; mobile_cols=&#8221;1&#8243; column_padding=&#8221;0&#8243;][item simple_slider_bg_image_position=&#8221;default&#8221; simple_slider_overlay_strength=&#8221;0.3&#8243; simple_slider_bg_image_loading=&#8221;default&#8221; id=&#8221;1706106647096-1&#8243; tab_id=&#8221;1706106647097-1&#8243; title=&#8221;Item&#8221;][image_with_animation image_url=&#8221;30278&#8243; image_size=&#8221;full&#8221; animation_type=&#8221;entrance&#8221; animation=&#8221;Fade In&#8221; animation_easing=&#8221;default&#8221; animation_movement_type=&#8221;transform_y&#8221; hover_animation=&#8221;none&#8221; alignment=&#8221;center&#8221; border_radius=&#8221;none&#8221; box_shadow=&#8221;none&#8221; image_loading=&#8221;default&#8221; max_width=&#8221;100%&#8221; max_width_mobile=&#8221;default&#8221;][vc_column_text]\n<h4 style=\"text-align: center;\">Scultura Protezione Mudra<\/h4>\n<p style=\"text-align: center;\">01009722<\/p>\n[\/vc_column_text][\/item][\/carousel][\/vc_column][\/vc_row][vc_row type=&#8221;full_width_content&#8221; full_screen_row_position=&#8221;middle&#8221; column_margin=&#8221;default&#8221; column_direction=&#8221;default&#8221; column_direction_tablet=&#8221;default&#8221; column_direction_phone=&#8221;default&#8221; scene_position=&#8221;center&#8221; text_color=&#8221;dark&#8221; text_align=&#8221;left&#8221; row_border_radius=&#8221;none&#8221; row_border_radius_applies=&#8221;bg&#8221; overflow=&#8221;visible&#8221; overlay_strength=&#8221;0.3&#8243; gradient_direction=&#8221;left_to_right&#8221; shape_divider_position=&#8221;bottom&#8221; bg_image_animation=&#8221;none&#8221; shape_type=&#8221;&#8221;][vc_column column_padding=&#8221;no-extra-padding&#8221; column_padding_tablet=&#8221;inherit&#8221; column_padding_phone=&#8221;inherit&#8221; column_padding_position=&#8221;all&#8221; column_element_direction_desktop=&#8221;default&#8221; column_element_spacing=&#8221;default&#8221; desktop_text_alignment=&#8221;default&#8221; tablet_text_alignment=&#8221;default&#8221; phone_text_alignment=&#8221;default&#8221; background_color_opacity=&#8221;1&#8243; background_hover_color_opacity=&#8221;1&#8243; column_backdrop_filter=&#8221;none&#8221; column_shadow=&#8221;none&#8221; column_border_radius=&#8221;none&#8221; column_link_target=&#8221;_self&#8221; column_position=&#8221;default&#8221; el_class=&#8221;sin-padding-top&#8221; gradient_direction=&#8221;left_to_right&#8221; overlay_strength=&#8221;0.3&#8243; width=&#8221;1\/1&#8243; tablet_width_inherit=&#8221;default&#8221; animation_type=&#8221;default&#8221; bg_image_animation=&#8221;none&#8221; border_type=&#8221;simple&#8221; column_border_width=&#8221;none&#8221; column_border_style=&#8221;solid&#8221;][nectar_global_section id=&#8221;31912&#8243;][\/vc_column][\/vc_row][vc_row type=&#8221;in_container&#8221; full_screen_row_position=&#8221;middle&#8221; column_margin=&#8221;default&#8221; column_direction=&#8221;default&#8221; column_direction_tablet=&#8221;default&#8221; column_direction_phone=&#8221;default&#8221; scene_position=&#8221;center&#8221; top_padding=&#8221;35px&#8221; bottom_padding=&#8221;60px&#8221; text_color=&#8221;dark&#8221; text_align=&#8221;left&#8221; row_border_radius=&#8221;none&#8221; row_border_radius_applies=&#8221;bg&#8221; overflow=&#8221;visible&#8221; overlay_strength=&#8221;0.3&#8243; gradient_direction=&#8221;left_to_right&#8221; shape_divider_position=&#8221;bottom&#8221; bg_image_animation=&#8221;none&#8221; shape_type=&#8221;&#8221;][vc_column column_padding=&#8221;no-extra-padding&#8221; column_padding_tablet=&#8221;inherit&#8221; column_padding_phone=&#8221;inherit&#8221; column_padding_position=&#8221;all&#8221; column_element_direction_desktop=&#8221;default&#8221; column_element_spacing=&#8221;default&#8221; desktop_text_alignment=&#8221;default&#8221; tablet_text_alignment=&#8221;default&#8221; phone_text_alignment=&#8221;default&#8221; background_color_opacity=&#8221;1&#8243; background_hover_color_opacity=&#8221;1&#8243; column_backdrop_filter=&#8221;none&#8221; column_shadow=&#8221;none&#8221; column_border_radius=&#8221;none&#8221; column_link_target=&#8221;_self&#8221; column_position=&#8221;default&#8221; gradient_direction=&#8221;left_to_right&#8221; overlay_strength=&#8221;0.3&#8243; width=&#8221;1\/1&#8243; tablet_width_inherit=&#8221;default&#8221; animation_type=&#8221;default&#8221; bg_image_animation=&#8221;none&#8221; border_type=&#8221;simple&#8221; column_border_width=&#8221;none&#8221; column_border_style=&#8221;solid&#8221;][vc_custom_heading text=&#8221;Visita virtuale&#8221; font_container=&#8221;tag:h2|text_align:center&#8221;][image_with_animation image_url=&#8221;29787&#8243; image_size=&#8221;full&#8221; animation_type=&#8221;entrance&#8221; animation=&#8221;Fade In&#8221; animation_easing=&#8221;default&#8221; animation_movement_type=&#8221;transform_y&#8221; hover_animation=&#8221;none&#8221; alignment=&#8221;center&#8221; border_radius=&#8221;none&#8221; box_shadow=&#8221;none&#8221; image_loading=&#8221;default&#8221; max_width=&#8221;100%&#8221; max_width_mobile=&#8221;default&#8221; img_link=&#8221;\/virtual-tour\/&#8221;][\/vc_column][\/vc_row]\n","protected":false},"excerpt":{"rendered":"<p>Fin dall&#8217;antichit\u00e0 i gesti delle mani hanno costituito un proprio linguaggio, la sua capacit\u00e0 espressiva e il suo simbolismo li hanno resi una modalit\u00e0 di comunicazione a s\u00e9 stante.<\/p>\n<p>Con questa creazione, i nostri artisti si concentrano sul linguaggio dei mudra, gesti che sono arrivati allo yoga e alle pratiche di meditazione dall\u2019induismo o il buddismo. Per quanto riguarda il primo, ci sono in totale 24 mudra, uno per ogni ora del giorno, avendo ognuno di essi una serie di benefici diversi. Per i secondi, sono gesti che riescono a spingere il corpo alla meditazione e aiutano a concentrarsi.<\/p>\n<p>Mudra abbondanza, si ispira a questi gesti millenari. In questa particolare versione, la mano \u00e8 decorata con motivi geometrici e vegetali che sono accuratamente incisi lungo le dita. Nell&#8217;unione di entrambe le mani, un fiore scolpito su cui poggiano delicati petali lavorati a mano uno per uno.<\/p>\n<p>Per la decorazione delle incisioni sono state scelte diverse tonalit\u00e0 di lustro dorato, a volte rifinita in modo lucido e talvolta opaco. Invece, il fiore, realizzato petalo per petalo, \u00e8 una tonalit\u00e0 che mescola il giallo, il rosa e un sottile tocco dorato.<\/p>\n<p>Mudra abbondanza celebra la ricchezza della vita, i doni che essa offre. La gratitudine per tutto ci\u00f2 che la vita ci offre.<\/p>\n<p class=\"prod-sku\"><strong>1009753<\/strong><br \/>\n32 x 23 x 24 cm<br \/>\n12 \u00bd x 9 x 9 \u00bd\u2033<\/p>\n","protected":false},"featured_media":30285,"comment_status":"closed","ping_status":"closed","template":"","meta":[],"product_cat":[142],"product_tag":[],"class_list":{"0":"post-31630","1":"product","2":"type-product","3":"status-publish","4":"has-post-thumbnail","6":"product_cat-patrimonio","8":"first","9":"instock","10":"shipping-taxable","11":"product-type-simple"},"_links":{"self":[{"href":"https:\/\/newintroductions.lladro.com\/it\/wp-json\/wp\/v2\/product\/31630","targetHints":{"allow":["GET"]}}],"collection":[{"href":"https:\/\/newintroductions.lladro.com\/it\/wp-json\/wp\/v2\/product"}],"about":[{"href":"https:\/\/newintroductions.lladro.com\/it\/wp-json\/wp\/v2\/types\/product"}],"replies":[{"embeddable":true,"href":"https:\/\/newintroductions.lladro.com\/it\/wp-json\/wp\/v2\/comments?post=31630"}],"wp:featuredmedia":[{"embeddable":true,"href":"https:\/\/newintroductions.lladro.com\/it\/wp-json\/wp\/v2\/media\/30285"}],"wp:attachment":[{"href":"https:\/\/newintroductions.lladro.com\/it\/wp-json\/wp\/v2\/media?parent=31630"}],"wp:term":[{"taxonomy":"product_cat","embeddable":true,"href":"https:\/\/newintroductions.lladro.com\/it\/wp-json\/wp\/v2\/product_cat?post=31630"},{"taxonomy":"product_tag","embeddable":true,"href":"https:\/\/newintroductions.lladro.com\/it\/wp-json\/wp\/v2\/product_tag?post=31630"}],"curies":[{"name":"wp","href":"https:\/\/api.w.org\/{rel}","templated":true}]}}