{"id":31926,"date":"2024-01-12T02:58:00","date_gmt":"2024-01-12T01:58:00","guid":{"rendered":"https:\/\/newintroductions.lladro.com\/product\/atenea-diosa-olimpica\/"},"modified":"2024-01-24T16:27:01","modified_gmt":"2024-01-24T15:27:01","slug":"atenea-diosa-olimpica","status":"publish","type":"product","link":"https:\/\/newintroductions.lladro.com\/es\/producto\/atenea-diosa-olimpica\/","title":{"rendered":"Atenea Diosa Ol\u00edmpica"},"content":{"rendered":"[vc_row type=\u00bbin_container\u00bb full_screen_row_position=\u00bbmiddle\u00bb column_margin=\u00bbdefault\u00bb column_direction=\u00bbdefault\u00bb column_direction_tablet=\u00bbdefault\u00bb column_direction_phone=\u00bbdefault\u00bb scene_position=\u00bbcenter\u00bb top_padding=\u00bb30px\u00bb text_color=\u00bbdark\u00bb text_align=\u00bbleft\u00bb row_border_radius=\u00bbnone\u00bb row_border_radius_applies=\u00bbbg\u00bb overflow=\u00bbvisible\u00bb overlay_strength=\u00bb0.3&#8243; gradient_direction=\u00bbleft_to_right\u00bb shape_divider_position=\u00bbbottom\u00bb bg_image_animation=\u00bbnone\u00bb gradient_type=\u00bbdefault\u00bb shape_type=\u00bb\u00bb][vc_column column_padding=\u00bbno-extra-padding\u00bb column_padding_tablet=\u00bbinherit\u00bb column_padding_phone=\u00bbinherit\u00bb column_padding_position=\u00bball\u00bb column_element_direction_desktop=\u00bbdefault\u00bb column_element_spacing=\u00bbdefault\u00bb desktop_text_alignment=\u00bbdefault\u00bb tablet_text_alignment=\u00bbdefault\u00bb phone_text_alignment=\u00bbdefault\u00bb background_color_opacity=\u00bb1&#8243; background_hover_color_opacity=\u00bb1&#8243; column_backdrop_filter=\u00bbnone\u00bb column_shadow=\u00bbnone\u00bb column_border_radius=\u00bbnone\u00bb column_link_target=\u00bb_self\u00bb column_position=\u00bbdefault\u00bb gradient_direction=\u00bbleft_to_right\u00bb overlay_strength=\u00bb0.3&#8243; width=\u00bb1\/1&#8243; tablet_width_inherit=\u00bbdefault\u00bb animation_type=\u00bbdefault\u00bb bg_image_animation=\u00bbnone\u00bb border_type=\u00bbsimple\u00bb column_border_width=\u00bbnone\u00bb column_border_style=\u00bbsolid\u00bb][vc_custom_heading text=\u00bbProductos Relacionados\u00bb font_container=\u00bbtag:h2|font_size:24px|text_align:left|line_height:30px\u00bb][carousel script=\u00bbowl_carousel\u00bb desktop_cols=\u00bb4&#8243; desktop_small_cols=\u00bb3&#8243; tablet_cols=\u00bb2&#8243; mobile_cols=\u00bb1&#8243; column_padding=\u00bb0&#8243;][item simple_slider_bg_image_position=\u00bbdefault\u00bb simple_slider_overlay_strength=\u00bb0.3&#8243; simple_slider_bg_image_loading=\u00bbdefault\u00bb id=\u00bb1706110001668-9&#8243; tab_id=\u00bb1706110001668-0&#8243; title=\u00bbItem\u00bb][image_with_animation image_url=\u00bb31921&#8243; image_size=\u00bbfull\u00bb animation_type=\u00bbentrance\u00bb animation=\u00bbNone\u00bb animation_movement_type=\u00bbtransform_y\u00bb hover_animation=\u00bbnone\u00bb alignment=\u00bbcenter\u00bb border_radius=\u00bbnone\u00bb box_shadow=\u00bbnone\u00bb image_loading=\u00bbdefault\u00bb max_width=\u00bb100%\u00bb max_width_mobile=\u00bbdefault\u00bb][vc_column_text]\n<h4 style=\"text-align: center;\">Diana<\/h4>\n<p style=\"text-align: center;\">01009586<\/p>\n[\/vc_column_text][\/item][\/carousel][\/vc_column][\/vc_row][vc_row type=\u00bbfull_width_content\u00bb full_screen_row_position=\u00bbmiddle\u00bb column_margin=\u00bbdefault\u00bb column_direction=\u00bbdefault\u00bb column_direction_tablet=\u00bbdefault\u00bb column_direction_phone=\u00bbdefault\u00bb scene_position=\u00bbcenter\u00bb text_color=\u00bbdark\u00bb text_align=\u00bbleft\u00bb row_border_radius=\u00bbnone\u00bb row_border_radius_applies=\u00bbbg\u00bb overflow=\u00bbvisible\u00bb overlay_strength=\u00bb0.3&#8243; gradient_direction=\u00bbleft_to_right\u00bb shape_divider_position=\u00bbbottom\u00bb bg_image_animation=\u00bbnone\u00bb shape_type=\u00bb\u00bb][vc_column column_padding=\u00bbno-extra-padding\u00bb column_padding_tablet=\u00bbinherit\u00bb column_padding_phone=\u00bbinherit\u00bb column_padding_position=\u00bball\u00bb column_element_direction_desktop=\u00bbdefault\u00bb column_element_spacing=\u00bbdefault\u00bb desktop_text_alignment=\u00bbdefault\u00bb tablet_text_alignment=\u00bbdefault\u00bb phone_text_alignment=\u00bbdefault\u00bb background_color_opacity=\u00bb1&#8243; background_hover_color_opacity=\u00bb1&#8243; column_backdrop_filter=\u00bbnone\u00bb column_shadow=\u00bbnone\u00bb column_border_radius=\u00bbnone\u00bb column_link_target=\u00bb_self\u00bb column_position=\u00bbdefault\u00bb el_class=\u00bbsin-padding-top\u00bb gradient_direction=\u00bbleft_to_right\u00bb overlay_strength=\u00bb0.3&#8243; width=\u00bb1\/1&#8243; tablet_width_inherit=\u00bbdefault\u00bb animation_type=\u00bbdefault\u00bb bg_image_animation=\u00bbnone\u00bb border_type=\u00bbsimple\u00bb column_border_width=\u00bbnone\u00bb column_border_style=\u00bbsolid\u00bb][nectar_global_section id=\u00bb31908&#8243;][\/vc_column][\/vc_row][vc_row type=\u00bbin_container\u00bb full_screen_row_position=\u00bbmiddle\u00bb column_margin=\u00bbdefault\u00bb column_direction=\u00bbdefault\u00bb column_direction_tablet=\u00bbdefault\u00bb column_direction_phone=\u00bbdefault\u00bb scene_position=\u00bbcenter\u00bb top_padding=\u00bb35px\u00bb bottom_padding=\u00bb60px\u00bb text_color=\u00bbdark\u00bb text_align=\u00bbleft\u00bb row_border_radius=\u00bbnone\u00bb row_border_radius_applies=\u00bbbg\u00bb overflow=\u00bbvisible\u00bb overlay_strength=\u00bb0.3&#8243; gradient_direction=\u00bbleft_to_right\u00bb shape_divider_position=\u00bbbottom\u00bb bg_image_animation=\u00bbnone\u00bb shape_type=\u00bb\u00bb][vc_column column_padding=\u00bbno-extra-padding\u00bb column_padding_tablet=\u00bbinherit\u00bb column_padding_phone=\u00bbinherit\u00bb column_padding_position=\u00bball\u00bb column_element_direction_desktop=\u00bbdefault\u00bb column_element_spacing=\u00bbdefault\u00bb desktop_text_alignment=\u00bbdefault\u00bb tablet_text_alignment=\u00bbdefault\u00bb phone_text_alignment=\u00bbdefault\u00bb background_color_opacity=\u00bb1&#8243; background_hover_color_opacity=\u00bb1&#8243; column_backdrop_filter=\u00bbnone\u00bb column_shadow=\u00bbnone\u00bb column_border_radius=\u00bbnone\u00bb column_link_target=\u00bb_self\u00bb column_position=\u00bbdefault\u00bb gradient_direction=\u00bbleft_to_right\u00bb overlay_strength=\u00bb0.3&#8243; width=\u00bb1\/1&#8243; tablet_width_inherit=\u00bbdefault\u00bb animation_type=\u00bbdefault\u00bb bg_image_animation=\u00bbnone\u00bb border_type=\u00bbsimple\u00bb column_border_width=\u00bbnone\u00bb column_border_style=\u00bbsolid\u00bb][vc_custom_heading text=\u00bbTOUR Virtual\u00bb font_container=\u00bbtag:h2|text_align:center\u00bb][image_with_animation image_url=\u00bb29789&#8243; image_size=\u00bbfull\u00bb animation_type=\u00bbentrance\u00bb animation=\u00bbFade In\u00bb animation_easing=\u00bbdefault\u00bb animation_movement_type=\u00bbtransform_y\u00bb hover_animation=\u00bbnone\u00bb alignment=\u00bbcenter\u00bb border_radius=\u00bbnone\u00bb box_shadow=\u00bbnone\u00bb image_loading=\u00bbdefault\u00bb max_width=\u00bb100%\u00bb max_width_mobile=\u00bbdefault\u00bb img_link=\u00bb\/virtual-tour\/\u00bb][\/vc_column][\/vc_row]\n","protected":false},"excerpt":{"rendered":"<p>Hija de Zeus y Metis, Atenea fue la diosa griega de la sabidur\u00eda, la estrategia y la justicia. Considerada la protectora de la ciudad de Atenas, tambi\u00e9n era conocida como la diosa de la guerra, entendida como medio para alcanzar la justicia.<\/p>\n<p>La mitolog\u00eda griega, con sus leyendas, dioses y h\u00e9roes, sigue cautiv\u00e1ndonos. La riqueza de sus historias y su poderosa simbolog\u00eda son fuentes inagotables de inspiraci\u00f3n para nuestros artistas.<\/p>\n<p>Atenea cobra vida en nuestros talleres a trav\u00e9s de esta interpretaci\u00f3n en porcelana blanca mate, decorada con lustres ocres, dorados y blancos metalizados de acabado tornasolado. Acompa\u00f1ando a la diosa, se encuentra su fiel lechuza, considerada el s\u00edmbolo de la sabidur\u00eda. Esta ave est\u00e1 reproducida en porcelana con todo detalle, posada sobre el hombro de Atenea y grabada en bajo relieve en el casco, brazalete y perneras.<\/p>\n<p>Adem\u00e1s, en el escudo protector, se encuentra grabada la cabeza de Medusa, la criatura que convert\u00eda en piedra a aquellos que la miraban fijamente.<\/p>\n<p>Dioses creados a partir de otros dioses, personajes que convergen y vidas que se entrecruzan para darnos a conocer la cultura de la Antigua Grecia y su fascinante historia. <\/p>\n<p class=\"prod-sku\"><strong>01009754<\/strong><br \/>\n72 x 44 x 38 cm<br \/>\n28 \u00bc x 17 \u00bc x 15&#8243;<\/p>\n","protected":false},"featured_media":31833,"comment_status":"closed","ping_status":"closed","template":"","meta":[],"product_cat":[112],"product_tag":[],"class_list":{"0":"post-31926","1":"product","2":"type-product","3":"status-publish","4":"has-post-thumbnail","6":"product_cat-heritage-es","8":"first","9":"instock","10":"shipping-taxable","11":"product-type-simple"},"_links":{"self":[{"href":"https:\/\/newintroductions.lladro.com\/es\/wp-json\/wp\/v2\/product\/31926","targetHints":{"allow":["GET"]}}],"collection":[{"href":"https:\/\/newintroductions.lladro.com\/es\/wp-json\/wp\/v2\/product"}],"about":[{"href":"https:\/\/newintroductions.lladro.com\/es\/wp-json\/wp\/v2\/types\/product"}],"replies":[{"embeddable":true,"href":"https:\/\/newintroductions.lladro.com\/es\/wp-json\/wp\/v2\/comments?post=31926"}],"wp:featuredmedia":[{"embeddable":true,"href":"https:\/\/newintroductions.lladro.com\/es\/wp-json\/wp\/v2\/media\/31833"}],"wp:attachment":[{"href":"https:\/\/newintroductions.lladro.com\/es\/wp-json\/wp\/v2\/media?parent=31926"}],"wp:term":[{"taxonomy":"product_cat","embeddable":true,"href":"https:\/\/newintroductions.lladro.com\/es\/wp-json\/wp\/v2\/product_cat?post=31926"},{"taxonomy":"product_tag","embeddable":true,"href":"https:\/\/newintroductions.lladro.com\/es\/wp-json\/wp\/v2\/product_tag?post=31926"}],"curies":[{"name":"wp","href":"https:\/\/api.w.org\/{rel}","templated":true}]}}