{"id":31315,"date":"2024-01-02T20:34:19","date_gmt":"2024-01-02T19:34:19","guid":{"rendered":"https:\/\/newintroductions.lladro.com\/product\/leon-negro-mate\/"},"modified":"2024-01-24T15:51:27","modified_gmt":"2024-01-24T14:51:27","slug":"leon-negro-mate","status":"publish","type":"product","link":"https:\/\/newintroductions.lladro.com\/es\/producto\/leon-negro-mate\/","title":{"rendered":"Le\u00f3n (negro mate)"},"content":{"rendered":"[vc_row type=\u00bbin_container\u00bb full_screen_row_position=\u00bbmiddle\u00bb column_margin=\u00bbdefault\u00bb column_direction=\u00bbdefault\u00bb column_direction_tablet=\u00bbdefault\u00bb column_direction_phone=\u00bbdefault\u00bb scene_position=\u00bbcenter\u00bb top_padding=\u00bb30px\u00bb text_color=\u00bbdark\u00bb text_align=\u00bbleft\u00bb row_border_radius=\u00bbnone\u00bb row_border_radius_applies=\u00bbbg\u00bb overflow=\u00bbvisible\u00bb overlay_strength=\u00bb0.3&#8243; gradient_direction=\u00bbleft_to_right\u00bb shape_divider_position=\u00bbbottom\u00bb bg_image_animation=\u00bbnone\u00bb shape_type=\u00bb\u00bb][vc_column column_padding=\u00bbno-extra-padding\u00bb column_padding_tablet=\u00bbinherit\u00bb column_padding_phone=\u00bbinherit\u00bb column_padding_position=\u00bball\u00bb column_element_direction_desktop=\u00bbdefault\u00bb column_element_spacing=\u00bbdefault\u00bb desktop_text_alignment=\u00bbdefault\u00bb tablet_text_alignment=\u00bbdefault\u00bb phone_text_alignment=\u00bbdefault\u00bb background_color_opacity=\u00bb1&#8243; background_hover_color_opacity=\u00bb1&#8243; column_backdrop_filter=\u00bbnone\u00bb column_shadow=\u00bbnone\u00bb column_border_radius=\u00bbnone\u00bb column_link_target=\u00bb_self\u00bb column_position=\u00bbdefault\u00bb gradient_direction=\u00bbleft_to_right\u00bb overlay_strength=\u00bb0.3&#8243; width=\u00bb1\/1&#8243; tablet_width_inherit=\u00bbdefault\u00bb animation_type=\u00bbdefault\u00bb bg_image_animation=\u00bbnone\u00bb border_type=\u00bbsimple\u00bb column_border_width=\u00bbnone\u00bb column_border_style=\u00bbsolid\u00bb][vc_custom_heading text=\u00bbProductos Relacionados\u00bb font_container=\u00bbtag:h2|font_size:24px|text_align:left|line_height:30px\u00bb][carousel script=\u00bbowl_carousel\u00bb desktop_cols=\u00bb4&#8243; desktop_small_cols=\u00bb3&#8243; tablet_cols=\u00bb2&#8243; mobile_cols=\u00bb1&#8243; column_padding=\u00bb0&#8243; loop=\u00bbtrue\u00bb autorotate=\u00bbtrue\u00bb autorotate_type=\u00bbdefault\u00bb][item simple_slider_bg_image_position=\u00bbdefault\u00bb simple_slider_overlay_strength=\u00bb0.3&#8243; simple_slider_bg_image_loading=\u00bbdefault\u00bb id=\u00bb1706107859567-9&#8243; tab_id=\u00bb1706107859567-0&#8243; title=\u00bbItem\u00bb][image_with_animation image_url=\u00bb30450&#8243; image_size=\u00bbfull\u00bb animation_type=\u00bbentrance\u00bb animation=\u00bbFade In\u00bb animation_easing=\u00bbdefault\u00bb animation_movement_type=\u00bbtransform_y\u00bb hover_animation=\u00bbnone\u00bb alignment=\u00bbcenter\u00bb border_radius=\u00bbnone\u00bb box_shadow=\u00bbnone\u00bb image_loading=\u00bbdefault\u00bb max_width=\u00bb100%\u00bb max_width_mobile=\u00bbdefault\u00bb][vc_column_text]\n<h4 style=\"text-align: center;\">Escultura Drag\u00f3n. Serie Limitada<\/h4>\n<p style=\"text-align: center;\">1002033<\/p>\n[\/vc_column_text][\/item][item simple_slider_bg_image_position=\u00bbdefault\u00bb simple_slider_overlay_strength=\u00bb0.3&#8243; simple_slider_bg_image_loading=\u00bbdefault\u00bb id=\u00bb1706107859609-9&#8243; tab_id=\u00bb1706107859609-2&#8243; title=\u00bbItem\u00bb][image_with_animation image_url=\u00bb30465&#8243; image_size=\u00bbfull\u00bb animation_type=\u00bbentrance\u00bb animation=\u00bbFade In\u00bb animation_easing=\u00bbdefault\u00bb animation_movement_type=\u00bbtransform_y\u00bb hover_animation=\u00bbnone\u00bb alignment=\u00bbcenter\u00bb border_radius=\u00bbnone\u00bb box_shadow=\u00bbnone\u00bb image_loading=\u00bbdefault\u00bb max_width=\u00bb100%\u00bb max_width_mobile=\u00bbdefault\u00bb][vc_column_text]\n<h4 style=\"text-align: center;\">Escultura Toro. Negro mate<\/h4>\n<p style=\"text-align: center;\">1009593<\/p>\n[\/vc_column_text][\/item][item simple_slider_bg_image_position=\u00bbdefault\u00bb simple_slider_overlay_strength=\u00bb0.3&#8243; simple_slider_bg_image_loading=\u00bbdefault\u00bb id=\u00bb1706107859638-3&#8243; tab_id=\u00bb1706107859638-1&#8243; title=\u00bbItem\u00bb][image_with_animation image_url=\u00bb30470&#8243; image_size=\u00bbfull\u00bb animation_type=\u00bbentrance\u00bb animation=\u00bbFade In\u00bb animation_easing=\u00bbdefault\u00bb animation_movement_type=\u00bbtransform_y\u00bb hover_animation=\u00bbnone\u00bb alignment=\u00bbcenter\u00bb border_radius=\u00bbnone\u00bb box_shadow=\u00bbnone\u00bb image_loading=\u00bbdefault\u00bb max_width=\u00bb100%\u00bb max_width_mobile=\u00bbdefault\u00bb][vc_column_text]\n<h4 style=\"text-align: center;\">Escultura Toro. Rojo metalizado<\/h4>\n<p style=\"text-align: center;\">1009729<\/p>\n[\/vc_column_text][\/item][item simple_slider_bg_image_position=\u00bbdefault\u00bb simple_slider_overlay_strength=\u00bb0.3&#8243; simple_slider_bg_image_loading=\u00bbdefault\u00bb id=\u00bb1706107859663-4&#8243; tab_id=\u00bb1706107859663-8&#8243; title=\u00bbItem\u00bb][image_with_animation image_url=\u00bb30460&#8243; image_size=\u00bbfull\u00bb animation_type=\u00bbentrance\u00bb animation=\u00bbFade In\u00bb animation_easing=\u00bbdefault\u00bb animation_movement_type=\u00bbtransform_y\u00bb hover_animation=\u00bbnone\u00bb alignment=\u00bbcenter\u00bb border_radius=\u00bbnone\u00bb box_shadow=\u00bbnone\u00bb image_loading=\u00bbdefault\u00bb max_width=\u00bb100%\u00bb max_width_mobile=\u00bbdefault\u00bb][vc_column_text]\n<h4 style=\"text-align: center;\">Escultura Elefante (azul)<\/h4>\n<p style=\"text-align: center;\">1009560<\/p>\n[\/vc_column_text][\/item][item simple_slider_bg_image_position=\u00bbdefault\u00bb simple_slider_overlay_strength=\u00bb0.3&#8243; simple_slider_bg_image_loading=\u00bbdefault\u00bb id=\u00bb1706107859693-0&#8243; tab_id=\u00bb1706107859693-0&#8243; title=\u00bbItem\u00bb][image_with_animation image_url=\u00bb30455&#8243; image_size=\u00bbfull\u00bb animation_type=\u00bbentrance\u00bb animation=\u00bbFade In\u00bb animation_easing=\u00bbdefault\u00bb animation_movement_type=\u00bbtransform_y\u00bb hover_animation=\u00bbnone\u00bb alignment=\u00bbcenter\u00bb border_radius=\u00bbnone\u00bb box_shadow=\u00bbnone\u00bb image_loading=\u00bbdefault\u00bb max_width=\u00bb100%\u00bb max_width_mobile=\u00bbdefault\u00bb][vc_column_text]\n<h4 style=\"text-align: center;\">Escultura Elefante. Negro mate<\/h4>\n<p style=\"text-align: center;\">1009559<\/p>\n[\/vc_column_text][\/item][\/carousel][\/vc_column][\/vc_row][vc_row type=\u00bbfull_width_content\u00bb full_screen_row_position=\u00bbmiddle\u00bb column_margin=\u00bbdefault\u00bb column_direction=\u00bbdefault\u00bb column_direction_tablet=\u00bbdefault\u00bb column_direction_phone=\u00bbdefault\u00bb scene_position=\u00bbcenter\u00bb text_color=\u00bbdark\u00bb text_align=\u00bbleft\u00bb row_border_radius=\u00bbnone\u00bb row_border_radius_applies=\u00bbbg\u00bb overflow=\u00bbvisible\u00bb overlay_strength=\u00bb0.3&#8243; gradient_direction=\u00bbleft_to_right\u00bb shape_divider_position=\u00bbbottom\u00bb bg_image_animation=\u00bbnone\u00bb shape_type=\u00bb\u00bb][vc_column column_padding=\u00bbno-extra-padding\u00bb column_padding_tablet=\u00bbinherit\u00bb column_padding_phone=\u00bbinherit\u00bb column_padding_position=\u00bball\u00bb column_element_direction_desktop=\u00bbdefault\u00bb column_element_spacing=\u00bbdefault\u00bb desktop_text_alignment=\u00bbdefault\u00bb tablet_text_alignment=\u00bbdefault\u00bb phone_text_alignment=\u00bbdefault\u00bb background_color_opacity=\u00bb1&#8243; background_hover_color_opacity=\u00bb1&#8243; column_backdrop_filter=\u00bbnone\u00bb column_shadow=\u00bbnone\u00bb column_border_radius=\u00bbnone\u00bb column_link_target=\u00bb_self\u00bb column_position=\u00bbdefault\u00bb el_class=\u00bbsin-padding-top\u00bb gradient_direction=\u00bbleft_to_right\u00bb overlay_strength=\u00bb0.3&#8243; width=\u00bb1\/1&#8243; tablet_width_inherit=\u00bbdefault\u00bb animation_type=\u00bbdefault\u00bb bg_image_animation=\u00bbnone\u00bb border_type=\u00bbsimple\u00bb column_border_width=\u00bbnone\u00bb column_border_style=\u00bbsolid\u00bb][nectar_global_section id=\u00bb31870&#8243;][\/vc_column][\/vc_row][vc_row type=\u00bbin_container\u00bb full_screen_row_position=\u00bbmiddle\u00bb column_margin=\u00bbdefault\u00bb column_direction=\u00bbdefault\u00bb column_direction_tablet=\u00bbdefault\u00bb column_direction_phone=\u00bbdefault\u00bb scene_position=\u00bbcenter\u00bb top_padding=\u00bb35px\u00bb bottom_padding=\u00bb60px\u00bb text_color=\u00bbdark\u00bb text_align=\u00bbleft\u00bb row_border_radius=\u00bbnone\u00bb row_border_radius_applies=\u00bbbg\u00bb overflow=\u00bbvisible\u00bb overlay_strength=\u00bb0.3&#8243; gradient_direction=\u00bbleft_to_right\u00bb shape_divider_position=\u00bbbottom\u00bb bg_image_animation=\u00bbnone\u00bb shape_type=\u00bb\u00bb][vc_column column_padding=\u00bbno-extra-padding\u00bb column_padding_tablet=\u00bbinherit\u00bb column_padding_phone=\u00bbinherit\u00bb column_padding_position=\u00bball\u00bb column_element_direction_desktop=\u00bbdefault\u00bb column_element_spacing=\u00bbdefault\u00bb desktop_text_alignment=\u00bbdefault\u00bb tablet_text_alignment=\u00bbdefault\u00bb phone_text_alignment=\u00bbdefault\u00bb background_color_opacity=\u00bb1&#8243; background_hover_color_opacity=\u00bb1&#8243; column_backdrop_filter=\u00bbnone\u00bb column_shadow=\u00bbnone\u00bb column_border_radius=\u00bbnone\u00bb column_link_target=\u00bb_self\u00bb column_position=\u00bbdefault\u00bb gradient_direction=\u00bbleft_to_right\u00bb overlay_strength=\u00bb0.3&#8243; width=\u00bb1\/1&#8243; tablet_width_inherit=\u00bbdefault\u00bb animation_type=\u00bbdefault\u00bb bg_image_animation=\u00bbnone\u00bb border_type=\u00bbsimple\u00bb column_border_width=\u00bbnone\u00bb column_border_style=\u00bbsolid\u00bb][vc_custom_heading text=\u00bbTOUR Virtual\u00bb font_container=\u00bbtag:h2|text_align:center\u00bb][image_with_animation image_url=\u00bb29789&#8243; image_size=\u00bbfull\u00bb animation_type=\u00bbentrance\u00bb animation=\u00bbFade In\u00bb animation_easing=\u00bbdefault\u00bb animation_movement_type=\u00bbtransform_y\u00bb hover_animation=\u00bbnone\u00bb alignment=\u00bbcenter\u00bb border_radius=\u00bbnone\u00bb box_shadow=\u00bbnone\u00bb image_loading=\u00bbdefault\u00bb max_width=\u00bb100%\u00bb max_width_mobile=\u00bbdefault\u00bb img_link=\u00bb\/virtual-tour\/\u00bb][\/vc_column][\/vc_row]\n","protected":false},"excerpt":{"rendered":"<p>La colecci\u00f3n <em>Origami<\/em> se ampl\u00eda con esta impresionante creaci\u00f3n. El rey de la selva, uno de los seres m\u00e1s emblem\u00e1ticos del reino animal, se suma a una colecci\u00f3n que ofrece una visi\u00f3n contempor\u00e1nea e innovadora del tradicional arte japon\u00e9s del origami, en el que las formas geom\u00e9tricas producidas por los pliegues del papel se transforman en facetas de gran poder escult\u00f3rico y decorativo.<\/p>\n<p>Esta creaci\u00f3n est\u00e1 realizada en porcelana con un acabado negro mate lo que refuerza la belleza e intensidad de este magn\u00edfico animal.<\/p>\n<p><em>Le\u00f3n<\/em> es una creaci\u00f3n impactante, fruto de entrelazar t\u00e9cnicas art\u00edsticas para dar paso a creaciones contempor\u00e1neas que se expresan a trav\u00e9s de la porcelana. <\/p>\n<p class=\"prod-sku\"><strong>1009746<\/strong><br \/>\n25 x 48 x 14 cm<br \/>\n9 \u00be x 19 x 5 \u00bd\u2033<\/p>\n","protected":false},"featured_media":30479,"comment_status":"closed","ping_status":"closed","template":"","meta":[],"product_cat":[209,120],"product_tag":[],"class_list":{"0":"post-31315","1":"product","2":"type-product","3":"status-publish","4":"has-post-thumbnail","6":"product_cat-diseno","7":"product_cat-hipster-style-es","9":"first","10":"instock","11":"shipping-taxable","12":"product-type-simple"},"_links":{"self":[{"href":"https:\/\/newintroductions.lladro.com\/es\/wp-json\/wp\/v2\/product\/31315","targetHints":{"allow":["GET"]}}],"collection":[{"href":"https:\/\/newintroductions.lladro.com\/es\/wp-json\/wp\/v2\/product"}],"about":[{"href":"https:\/\/newintroductions.lladro.com\/es\/wp-json\/wp\/v2\/types\/product"}],"replies":[{"embeddable":true,"href":"https:\/\/newintroductions.lladro.com\/es\/wp-json\/wp\/v2\/comments?post=31315"}],"wp:featuredmedia":[{"embeddable":true,"href":"https:\/\/newintroductions.lladro.com\/es\/wp-json\/wp\/v2\/media\/30479"}],"wp:attachment":[{"href":"https:\/\/newintroductions.lladro.com\/es\/wp-json\/wp\/v2\/media?parent=31315"}],"wp:term":[{"taxonomy":"product_cat","embeddable":true,"href":"https:\/\/newintroductions.lladro.com\/es\/wp-json\/wp\/v2\/product_cat?post=31315"},{"taxonomy":"product_tag","embeddable":true,"href":"https:\/\/newintroductions.lladro.com\/es\/wp-json\/wp\/v2\/product_tag?post=31315"}],"curies":[{"name":"wp","href":"https:\/\/api.w.org\/{rel}","templated":true}]}}